{"id":3845,"date":"2020-01-17T23:51:57","date_gmt":"2020-01-17T23:51:57","guid":{"rendered":"http:\/\/designdecorazon.com\/it\/?page_id=3845"},"modified":"2020-02-18T23:41:22","modified_gmt":"2020-02-18T23:41:22","slug":"chi-sono","status":"publish","type":"page","link":"https:\/\/designdecorazon.com\/it\/chi-sono\/","title":{"rendered":"Chi sono"},"content":{"rendered":"<div class=\"fusion-fullwidth fullwidth-box fusion-builder-row-1 nonhundred-percent-fullwidth non-hundred-percent-height-scrolling\"  style='background-color: rgba(255,255,255,0);background-position: center center;background-repeat: no-repeat;padding-top:40px;padding-right:0px;padding-bottom:60px;padding-left:0px;'><div class=\"fusion-builder-row fusion-row \"><div  class=\"fusion-layout-column fusion_builder_column fusion_builder_column_1_2 fusion-builder-column-1 fusion-one-half fusion-column-first 1_2\"  style='margin-top:0px;margin-bottom:20px;width:48%; margin-right: 4%;'>\n\t\t\t\t\t<div class=\"fusion-column-wrapper\" style=\"padding: 0px 0px 0px 0px;background-position:left top;background-repeat:no-repeat;-webkit-background-size:cover;-moz-background-size:cover;-o-background-size:cover;background-size:cover;\"   data-bg-url=\"\">\n\t\t\t\t\t\t<span style=\"margin-left:25px;float:right;\" class=\"fusion-imageframe imageframe-none imageframe-1 hover-type-none\"><img loading=\"lazy\" decoding=\"async\" src=\"http:\/\/designdecorazon.com\/it\/wp-content\/uploads\/sites\/5\/2020\/02\/daniela-logo.png\" width=\"474\" height=\"576\" alt=\"\" title=\"daniela-logo\" class=\"img-responsive wp-image-4123\" srcset=\"https:\/\/designdecorazon.com\/it\/wp-content\/uploads\/sites\/5\/2020\/02\/daniela-logo-200x243.png 200w, https:\/\/designdecorazon.com\/it\/wp-content\/uploads\/sites\/5\/2020\/02\/daniela-logo-400x486.png 400w, https:\/\/designdecorazon.com\/it\/wp-content\/uploads\/sites\/5\/2020\/02\/daniela-logo.png 474w\" sizes=\"auto, (max-width: 800px) 100vw, 474px\" \/><\/span><div class=\"fusion-clearfix\"><\/div>\n\n\t\t\t\t\t<\/div>\n\t\t\t\t<\/div><div  class=\"fusion-layout-column fusion_builder_column fusion_builder_column_1_2 fusion-builder-column-2 fusion-one-half fusion-column-last 1_2\"  style='margin-top:0px;margin-bottom:20px;width:48%'>\n\t\t\t\t\t<div class=\"fusion-column-wrapper\" style=\"padding: 0px 0px 0px 0px;background-position:left top;background-repeat:no-repeat;-webkit-background-size:cover;-moz-background-size:cover;-o-background-size:cover;background-size:cover;\"   data-bg-url=\"\">\n\t\t\t\t\t\t<div class=\"fusion-text\"><p>Sono Daniela Nappi. Provengo da una umile famiglia del sud d\u2019Italia.<\/p>\n<p>A casa ho imparato che le cose vecchie si possono riutilizzare prima che si debbano buttare ed \u00e8 per questo che adoro dare una seconda vita agli oggetti e agli appartamenti.<\/p>\n<p>Pi\u00f9 un appartamento \u00e8 messo male e pi\u00f9 sono stimolata a far emergere il suo vero potenziale.<\/p>\n<p>Dopo aver frequentato la scuola di Home Staging di Milano ho finalmente dato un nome alla mia professione e un nuovo risvolto alla mia vita.<\/p>\n<p><strong>Mettetemi alla prova, vedrai la tua casa come mai l\u2019hai vista!<\/strong><\/p>\n<\/div><div class=\"fusion-sep-clear\"><\/div><div class=\"fusion-separator fusion-full-width-sep sep-none\" style=\"margin-left: auto;margin-right: auto;margin-top:30px;\"><\/div><span class=\"fusion-imageframe imageframe-none imageframe-2 hover-type-none\"><a href=\"http:\/\/designdecorazon.com\/it\/wp-content\/uploads\/sites\/5\/2020\/02\/diploma.jpg\" class=\"fusion-lightbox\" data-rel=\"iLightbox[b839936b775d4fbca17]\"><img loading=\"lazy\" decoding=\"async\" src=\"http:\/\/designdecorazon.com\/it\/wp-content\/uploads\/sites\/5\/2020\/02\/diploma.jpg\" width=\"1500\" height=\"1082\" alt=\"\" class=\"img-responsive wp-image-4120\" srcset=\"https:\/\/designdecorazon.com\/it\/wp-content\/uploads\/sites\/5\/2020\/02\/diploma-200x144.jpg 200w, https:\/\/designdecorazon.com\/it\/wp-content\/uploads\/sites\/5\/2020\/02\/diploma-400x289.jpg 400w, https:\/\/designdecorazon.com\/it\/wp-content\/uploads\/sites\/5\/2020\/02\/diploma-600x433.jpg 600w, https:\/\/designdecorazon.com\/it\/wp-content\/uploads\/sites\/5\/2020\/02\/diploma-800x577.jpg 800w, https:\/\/designdecorazon.com\/it\/wp-content\/uploads\/sites\/5\/2020\/02\/diploma-1200x866.jpg 1200w, https:\/\/designdecorazon.com\/it\/wp-content\/uploads\/sites\/5\/2020\/02\/diploma.jpg 1500w\" sizes=\"auto, (max-width: 800px) 100vw, 600px\" \/><\/a><\/span><div class=\"fusion-clearfix\"><\/div>\n\n\t\t\t\t\t<\/div>\n\t\t\t\t<\/div><\/div><\/div>\n","protected":false},"excerpt":{"rendered":"","protected":false},"author":1,"featured_media":0,"parent":0,"menu_order":0,"comment_status":"closed","ping_status":"closed","template":"100-width.php","meta":{"_monsterinsights_skip_tracking":false,"_monsterinsights_sitenote_active":false,"_monsterinsights_sitenote_note":"","_monsterinsights_sitenote_category":0,"footnotes":""},"class_list":["post-3845","page","type-page","status-publish","hentry"],"yoast_head":"<!-- This site is optimized with the Yoast SEO plugin v27.2 - https:\/\/yoast.com\/product\/yoast-seo-wordpress\/ -->\n<title>Chi sono - Decorazon - Daniela Nappi - IT<\/title>\n<meta name=\"robots\" content=\"index, follow, max-snippet:-1, max-image-preview:large, max-video-preview:-1\" \/>\n<link rel=\"canonical\" href=\"https:\/\/designdecorazon.com\/it\/chi-sono\/\" \/>\n<meta property=\"og:locale\" content=\"it_IT\" \/>\n<meta property=\"og:type\" content=\"article\" \/>\n<meta property=\"og:title\" content=\"Chi sono - Decorazon - Daniela Nappi - IT\" \/>\n<meta property=\"og:url\" content=\"https:\/\/designdecorazon.com\/it\/chi-sono\/\" \/>\n<meta property=\"og:site_name\" content=\"Decorazon - Daniela Nappi - IT\" \/>\n<meta property=\"article:modified_time\" content=\"2020-02-18T23:41:22+00:00\" \/>\n<meta name=\"twitter:card\" content=\"summary_large_image\" \/>\n<meta name=\"twitter:label1\" content=\"Tempo di lettura stimato\" \/>\n\t<meta name=\"twitter:data1\" content=\"3 minuti\" \/>\n<script type=\"application\/ld+json\" class=\"yoast-schema-graph\">{\"@context\":\"https:\/\/schema.org\",\"@graph\":[{\"@type\":\"WebPage\",\"@id\":\"https:\/\/designdecorazon.com\/it\/chi-sono\/\",\"url\":\"https:\/\/designdecorazon.com\/it\/chi-sono\/\",\"name\":\"Chi sono - Decorazon - Daniela Nappi - IT\",\"isPartOf\":{\"@id\":\"https:\/\/designdecorazon.com\/it\/#website\"},\"datePublished\":\"2020-01-17T23:51:57+00:00\",\"dateModified\":\"2020-02-18T23:41:22+00:00\",\"breadcrumb\":{\"@id\":\"https:\/\/designdecorazon.com\/it\/chi-sono\/#breadcrumb\"},\"inLanguage\":\"it-IT\",\"potentialAction\":[{\"@type\":\"ReadAction\",\"target\":[\"https:\/\/designdecorazon.com\/it\/chi-sono\/\"]}]},{\"@type\":\"BreadcrumbList\",\"@id\":\"https:\/\/designdecorazon.com\/it\/chi-sono\/#breadcrumb\",\"itemListElement\":[{\"@type\":\"ListItem\",\"position\":1,\"name\":\"Portada\",\"item\":\"https:\/\/designdecorazon.com\/it\/\"},{\"@type\":\"ListItem\",\"position\":2,\"name\":\"Chi sono\"}]},{\"@type\":\"WebSite\",\"@id\":\"https:\/\/designdecorazon.com\/it\/#website\",\"url\":\"https:\/\/designdecorazon.com\/it\/\",\"name\":\"Decorazon - Daniela Nappi - IT\",\"description\":\"Home Staging y Interiorismo\",\"potentialAction\":[{\"@type\":\"SearchAction\",\"target\":{\"@type\":\"EntryPoint\",\"urlTemplate\":\"https:\/\/designdecorazon.com\/it\/?s={search_term_string}\"},\"query-input\":{\"@type\":\"PropertyValueSpecification\",\"valueRequired\":true,\"valueName\":\"search_term_string\"}}],\"inLanguage\":\"it-IT\"}]}<\/script>\n<!-- \/ Yoast SEO plugin. -->","yoast_head_json":{"title":"Chi sono - Decorazon - Daniela Nappi - IT","robots":{"index":"index","follow":"follow","max-snippet":"max-snippet:-1","max-image-preview":"max-image-preview:large","max-video-preview":"max-video-preview:-1"},"canonical":"https:\/\/designdecorazon.com\/it\/chi-sono\/","og_locale":"it_IT","og_type":"article","og_title":"Chi sono - Decorazon - Daniela Nappi - IT","og_url":"https:\/\/designdecorazon.com\/it\/chi-sono\/","og_site_name":"Decorazon - Daniela Nappi - IT","article_modified_time":"2020-02-18T23:41:22+00:00","twitter_card":"summary_large_image","twitter_misc":{"Tempo di lettura stimato":"3 minuti"},"schema":{"@context":"https:\/\/schema.org","@graph":[{"@type":"WebPage","@id":"https:\/\/designdecorazon.com\/it\/chi-sono\/","url":"https:\/\/designdecorazon.com\/it\/chi-sono\/","name":"Chi sono - Decorazon - Daniela Nappi - IT","isPartOf":{"@id":"https:\/\/designdecorazon.com\/it\/#website"},"datePublished":"2020-01-17T23:51:57+00:00","dateModified":"2020-02-18T23:41:22+00:00","breadcrumb":{"@id":"https:\/\/designdecorazon.com\/it\/chi-sono\/#breadcrumb"},"inLanguage":"it-IT","potentialAction":[{"@type":"ReadAction","target":["https:\/\/designdecorazon.com\/it\/chi-sono\/"]}]},{"@type":"BreadcrumbList","@id":"https:\/\/designdecorazon.com\/it\/chi-sono\/#breadcrumb","itemListElement":[{"@type":"ListItem","position":1,"name":"Portada","item":"https:\/\/designdecorazon.com\/it\/"},{"@type":"ListItem","position":2,"name":"Chi sono"}]},{"@type":"WebSite","@id":"https:\/\/designdecorazon.com\/it\/#website","url":"https:\/\/designdecorazon.com\/it\/","name":"Decorazon - Daniela Nappi - IT","description":"Home Staging y Interiorismo","potentialAction":[{"@type":"SearchAction","target":{"@type":"EntryPoint","urlTemplate":"https:\/\/designdecorazon.com\/it\/?s={search_term_string}"},"query-input":{"@type":"PropertyValueSpecification","valueRequired":true,"valueName":"search_term_string"}}],"inLanguage":"it-IT"}]}},"_links":{"self":[{"href":"https:\/\/designdecorazon.com\/it\/wp-json\/wp\/v2\/pages\/3845","targetHints":{"allow":["GET"]}}],"collection":[{"href":"https:\/\/designdecorazon.com\/it\/wp-json\/wp\/v2\/pages"}],"about":[{"href":"https:\/\/designdecorazon.com\/it\/wp-json\/wp\/v2\/types\/page"}],"author":[{"embeddable":true,"href":"https:\/\/designdecorazon.com\/it\/wp-json\/wp\/v2\/users\/1"}],"replies":[{"embeddable":true,"href":"https:\/\/designdecorazon.com\/it\/wp-json\/wp\/v2\/comments?post=3845"}],"version-history":[{"count":7,"href":"https:\/\/designdecorazon.com\/it\/wp-json\/wp\/v2\/pages\/3845\/revisions"}],"predecessor-version":[{"id":4124,"href":"https:\/\/designdecorazon.com\/it\/wp-json\/wp\/v2\/pages\/3845\/revisions\/4124"}],"wp:attachment":[{"href":"https:\/\/designdecorazon.com\/it\/wp-json\/wp\/v2\/media?parent=3845"}],"curies":[{"name":"wp","href":"https:\/\/api.w.org\/{rel}","templated":true}]}}